{"id":29,"date":"2022-08-15T09:49:42","date_gmt":"2022-08-15T09:49:42","guid":{"rendered":"http:\/\/wordpress.workplacesafety.no\/?page_id=29"},"modified":"2026-04-23T14:27:26","modified_gmt":"2026-04-23T12:27:26","slug":"kontakt-oss","status":"publish","type":"page","link":"https:\/\/certainqms.com\/no\/kontakt-oss\/","title":{"rendered":"Kontakt oss"},"content":{"rendered":"<p>[et_pb_section fb_built=&raquo;1&#8243; admin_label=&raquo;Hero&raquo; _builder_version=&raquo;4.27.5&#8243; _module_preset=&raquo;cb85d9f8-b332-41c3-8611-8b51be60fff5&#8243; background_color=&raquo;#FFF3EB&raquo; use_background_color_gradient=&raquo;off&raquo; background_enable_image=&raquo;off&raquo; transform_scale_linked=&raquo;off&raquo; custom_padding=&raquo;30px||30px||true|false&raquo; animation_direction=&raquo;bottom&raquo; global_colors_info=&raquo;{%22gcid-055ebe21-9130-4145-a58d-abe4894ddbbb%22:%91%22background_color_gradient_stops%22%93,%22gcid-e17aee2c-d4b2-4336-8021-46d7f4431836%22:%91%22background_color_gradient_stops%22%93,%22gcid-0502195e-2353-4176-81d8-b44d15554d4a%22:%91%22background_color_gradient_stops%22%93}&raquo;][et_pb_row column_structure=&raquo;3_5,2_5&#8243; _builder_version=&raquo;4.27.5&#8243; custom_padding=&raquo;|||0px||&raquo; global_colors_info=&raquo;{}&raquo;][et_pb_column type=&raquo;3_5&#8243; _builder_version=&raquo;4.16&#8243; custom_padding=&raquo;|||&raquo; global_colors_info=&raquo;{}&raquo; custom_padding__hover=&raquo;|||&raquo;][et_pb_text module_id=&raquo;Kontaktoss&raquo; _builder_version=&raquo;4.27.5&#8243; _module_preset=&raquo;2845ac3d-5cd0-438d-915a-4925d21c47f5&#8243; text_text_color=&raquo;#0163B2&#8243; text_font_size=&raquo;24px&raquo; header_font=&raquo;|600|||||||&raquo; header_text_align=&raquo;left&raquo; header_text_color=&raquo;#060C31&#8243; header_font_size=&raquo;52px&raquo; header_2_font=&raquo;|600|||||||&raquo; header_2_text_color=&raquo;#0163B2&#8243; header_2_font_size=&raquo;36px&raquo; header_2_line_height=&raquo;1.3em&raquo; header_3_text_color=&raquo;#0163B2&#8243; header_4_text_color=&raquo;#0163B2&#8243; header_5_text_color=&raquo;#0163B2&#8243; header_6_text_color=&raquo;#0163B2&#8243; text_orientation=&raquo;left&raquo; max_width=&raquo;1088px&raquo; custom_margin=&raquo;|122px|17px|||&raquo; header_text_color_tablet=&raquo;#060C31&#8243; header_text_color_phone=&raquo;#060C31&#8243; header_text_color_last_edited=&raquo;on|phone&raquo; header_font_size_tablet=&raquo;52px&raquo; header_font_size_phone=&raquo;48px&raquo; header_font_size_last_edited=&raquo;on|phone&raquo; global_colors_info=&raquo;{%22gcid-24f84310-1e69-49de-a912-88d16423725c%22:%91%22text_text_color%22%93}&raquo;]<\/p>\n<h1 style=\"text-align: left;\">Kontakt oss<\/h1>\n<p>[\/et_pb_text][et_pb_text _builder_version=&raquo;4.27.5&#8243; _module_preset=&raquo;default&raquo; header_font=&raquo;|600|||||||&raquo; header_2_font=&raquo;|300|||||||&raquo; header_2_text_color=&raquo;#060C31&#8243; header_2_font_size=&raquo;32px&raquo; header_2_line_height=&raquo;1.3em&raquo; custom_margin=&raquo;||1px|||&raquo; global_colors_info=&raquo;{}&raquo;]<\/p>\n<h2>Ta kontakt ved sp\u00f8rsm\u00e5l eller supportbehov<\/h2>\n<p>[\/et_pb_text][\/et_pb_column][et_pb_column type=&raquo;2_5&#8243; _builder_version=&raquo;4.16&#8243; custom_padding=&raquo;|||&raquo; global_colors_info=&raquo;{}&raquo; custom_padding__hover=&raquo;|||&raquo;][et_pb_button button_url=&raquo;https:\/\/webforms.pipedrive.com\/f\/1uKVogMLfgdjU8nzXCI8SW5k26HTg8waUvrmPx4097CNu6bN4eZIzAKxKwoEg3Ls7&#8243; button_text=&raquo;Book demo&raquo; button_alignment=&raquo;left&raquo; _builder_version=&raquo;4.27.5&#8243; _module_preset=&raquo;default&raquo; custom_button=&raquo;on&raquo; button_text_size=&raquo;22px&raquo; button_text_color=&raquo;#FFFFFF&raquo; button_bg_color=&raquo;#1F3BF4&#8243; button_border_color=&raquo;#1F3BF4&#8243; button_border_radius=&raquo;24px&raquo; global_colors_info=&raquo;{}&raquo;][\/et_pb_button][\/et_pb_column][\/et_pb_row][\/et_pb_section][et_pb_section fb_built=&raquo;1&#8243; _builder_version=&raquo;4.27.5&#8243; _module_preset=&raquo;default&raquo; background_color=&raquo;#FFFFFF&raquo; use_background_color_gradient=&raquo;off&raquo; custom_padding=&raquo;30px||29px|||&raquo; global_colors_info=&raquo;{}&raquo;][et_pb_row column_structure=&raquo;1_3,1_3,1_3&#8243; _builder_version=&raquo;4.27.5&#8243; _module_preset=&raquo;default&raquo; global_colors_info=&raquo;{}&raquo;][et_pb_column type=&raquo;1_3&#8243; _builder_version=&raquo;4.27.5&#8243; _module_preset=&raquo;default&raquo; global_colors_info=&raquo;{}&raquo;][et_pb_blurb url=&raquo;mailto:support@certainqms.com&raquo; use_icon=&raquo;on&raquo; font_icon=&raquo;&#xf0e0;||fa||900&#8243; image_icon_background_color=&raquo;RGBA(255,255,255,0)&raquo; image_icon_width=&raquo;42px&raquo; content_max_width=&raquo;470px&raquo; _builder_version=&raquo;4.27.5&#8243; header_level=&raquo;h3&#8243; header_font=&raquo;Open Sans|600|||||||&raquo; header_text_align=&raquo;left&raquo; header_text_color=&raquo;#323232&#8243; header_font_size=&raquo;24px&raquo; header_line_height=&raquo;1.4em&raquo; body_font=&raquo;Open Sans|700|||||||&raquo; body_text_align=&raquo;left&raquo; body_text_color=&raquo;#323232&#8243; body_font_size=&raquo;20px&raquo; body_line_height=&raquo;1.8em&raquo; body_link_font=&raquo;|600|||||||&raquo; body_link_text_color=&raquo;#060C31&#8243; background_enable_color=&raquo;off&raquo; text_orientation=&raquo;center&raquo; custom_margin=&raquo;||0%||false|false&raquo; custom_padding=&raquo;0px|10px|0px|20px|true|false&raquo; hover_transition_duration=&raquo;0ms&raquo; hover_enabled=&raquo;0&#8243; border_radii=&raquo;on|4px|4px|4px|4px&raquo; border_color_all=&raquo;RGBA(255,255,255,0)&raquo; border_color_top=&raquo;#006666&#8243; border_color_all_image=&raquo;RGBA(255,255,255,0)&raquo; global_colors_info=&raquo;{}&raquo; sticky_enabled=&raquo;0&#8243;]<\/p>\n<p style=\"text-align: center;\"><span style=\"color: #060c31;\">support@certainqms.com<\/span><\/p>\n<p>[\/et_pb_blurb][\/et_pb_column][et_pb_column type=&raquo;1_3&#8243; _builder_version=&raquo;4.27.5&#8243; _module_preset=&raquo;default&raquo; global_colors_info=&raquo;{}&raquo;][et_pb_blurb url=&raquo;tel:+4799297090&#8243; use_icon=&raquo;on&raquo; font_icon=&raquo;&#xf095;||fa||900&#8243; image_icon_background_color=&raquo;RGBA(255,255,255,0)&raquo; image_icon_width=&raquo;42px&raquo; content_max_width=&raquo;470px&raquo; _builder_version=&raquo;4.27.5&#8243; header_level=&raquo;h3&#8243; header_font=&raquo;Open Sans|600|||||||&raquo; header_text_align=&raquo;left&raquo; header_text_color=&raquo;#323232&#8243; header_font_size=&raquo;24px&raquo; header_line_height=&raquo;1.4em&raquo; body_font=&raquo;Open Sans|700|||||||&raquo; body_text_align=&raquo;left&raquo; body_text_color=&raquo;#323232&#8243; body_font_size=&raquo;20px&raquo; body_line_height=&raquo;1.8em&raquo; body_link_font=&raquo;&#8211;et_global_body_font|700|||||||&raquo; body_link_text_color=&raquo;#060C31&#8243; background_enable_color=&raquo;off&raquo; text_orientation=&raquo;center&raquo; custom_margin=&raquo;||0%||false|false&raquo; custom_padding=&raquo;0px|10px|0px|20px|true|false&raquo; hover_transition_duration=&raquo;0ms&raquo; hover_enabled=&raquo;0&#8243; border_radii=&raquo;on|4px|4px|4px|4px&raquo; border_color_all=&raquo;RGBA(255,255,255,0)&raquo; border_color_top=&raquo;#006666&#8243; border_color_all_image=&raquo;RGBA(255,255,255,0)&raquo; global_colors_info=&raquo;{}&raquo; sticky_enabled=&raquo;0&#8243;]<\/p>\n<p style=\"text-align: center;\"><span style=\"color: #060c31;\">+47 992 97 090<\/span><\/p>\n<p>[\/et_pb_blurb][\/et_pb_column][et_pb_column type=&raquo;1_3&#8243; _builder_version=&raquo;4.27.5&#8243; _module_preset=&raquo;default&raquo; global_colors_info=&raquo;{}&raquo;][\/et_pb_column][\/et_pb_row][\/et_pb_section][et_pb_section fb_built=&raquo;1&#8243; _builder_version=&raquo;4.27.5&#8243; _module_preset=&raquo;default&raquo; background_color=&raquo;#EEF3FF&raquo; use_background_color_gradient=&raquo;off&raquo; custom_padding=&raquo;30px||29px|||&raquo; global_colors_info=&raquo;{}&raquo;][et_pb_row _builder_version=&raquo;4.27.5&#8243; _module_preset=&raquo;default&raquo; background_enable_color=&raquo;off&raquo; global_colors_info=&raquo;{}&raquo;][et_pb_column type=&raquo;4_4&#8243; _builder_version=&raquo;4.27.5&#8243; _module_preset=&raquo;default&raquo; global_colors_info=&raquo;{}&raquo;][et_pb_code _builder_version=&raquo;4.27.5&#8243; _module_preset=&raquo;default&raquo; global_colors_info=&raquo;{}&raquo;]<\/p>\n<div class=\"pipedriveWebForms\" data-pd-webforms=\"https:\/\/webforms.pipedrive.com\/f\/2Vprh8PG3wIxtDueKjH1dCwxGdpZ0ZCWaEVXTZQ3ICuj76Av8MhQmS7WqUnXFhPOz\"><script src=\"https:\/\/webforms.pipedrive.com\/f\/loader\"><\/script><\/div>\n<p>[\/et_pb_code][\/et_pb_column][\/et_pb_row][\/et_pb_section][et_pb_section fb_built=&raquo;1&#8243; _builder_version=&raquo;4.27.5&#8243; _module_preset=&raquo;default&raquo; background_color=&raquo;#FFFFFF&raquo; use_background_color_gradient=&raquo;off&raquo; custom_padding=&raquo;30px||50px||false|false&raquo; global_colors_info=&raquo;{}&raquo;][et_pb_row _builder_version=&raquo;4.27.5&#8243; _module_preset=&raquo;default&raquo; background_color=&raquo;#FFF3EB&raquo; custom_margin=&raquo;0px||||false|false&raquo; custom_padding=&raquo;50px||40px||false|false&raquo; border_radii=&raquo;on|25px|25px|25px|25px&raquo; global_colors_info=&raquo;{}&raquo;][et_pb_column type=&raquo;4_4&#8243; _builder_version=&raquo;4.27.4&#8243; _module_preset=&raquo;default&raquo; global_colors_info=&raquo;{}&raquo;][et_pb_text _builder_version=&raquo;4.27.5&#8243; _module_preset=&raquo;default&raquo; text_font=&raquo;||||||||&raquo; text_text_color=&raquo;#060C31&#8243; text_font_size=&raquo;19px&raquo; text_line_height=&raquo;1.9em&raquo; header_font=&raquo;|600|||||||&raquo; header_2_font=&raquo;|600|||||||&raquo; header_2_text_align=&raquo;center&raquo; header_2_font_size=&raquo;32px&raquo; header_2_line_height=&raquo;1.2em&raquo; text_orientation=&raquo;center&raquo; custom_margin=&raquo;|110px|2px|110px|false|true&raquo; custom_margin_tablet=&raquo;|20px|45px|20px|false|true&raquo; custom_margin_phone=&raquo;|20px|45px|20px|false|true&raquo; custom_margin_last_edited=&raquo;on|phone&raquo; text_font_size_tablet=&raquo;19px&raquo; text_font_size_phone=&raquo;19px&raquo; text_font_size_last_edited=&raquo;on|desktop&raquo; global_colors_info=&raquo;{%22gcid-7a729979-e95d-4a37-b4c2-da38eea9cb79%22:%91%22header_text_color%22,%22header_text_color%22,%22header_text_color%22%93}&raquo;]<\/p>\n<h2 style=\"text-align: left;\">Interessert i samarbeid?<\/h2>\n<p>[\/et_pb_text][et_pb_text _builder_version=&raquo;4.27.5&#8243; _module_preset=&raquo;default&raquo; text_font=&raquo;||||||||&raquo; text_text_color=&raquo;#060C31&#8243; text_font_size=&raquo;19px&raquo; text_line_height=&raquo;1.9em&raquo; header_font=&raquo;|600|||||||&raquo; header_2_font=&raquo;|300|||||||&raquo; header_2_text_align=&raquo;center&raquo; header_2_font_size=&raquo;32px&raquo; header_2_line_height=&raquo;1.2em&raquo; text_orientation=&raquo;center&raquo; custom_margin=&raquo;10px|110px|30px|110px|false|true&raquo; custom_margin_tablet=&raquo;|20px|45px|20px|false|true&raquo; custom_margin_phone=&raquo;|20px|45px|20px|false|true&raquo; custom_margin_last_edited=&raquo;on|phone&raquo; text_font_size_tablet=&raquo;19px&raquo; text_font_size_phone=&raquo;19px&raquo; text_font_size_last_edited=&raquo;on|desktop&raquo; global_colors_info=&raquo;{%22gcid-7a729979-e95d-4a37-b4c2-da38eea9cb79%22:%91%22header_text_color%22,%22header_text_color%22,%22header_text_color%22%93}&raquo;]<\/p>\n<p style=\"text-align: left;\">Vi samarbeider med konsulent- og r\u00e5dgivningsmilj\u00f8er innen kvalitetsledelse og kontinuerlig forbedring. Dersom du jobber med \u00e5 etablere eller videreutvikle styringssystemer, og er nysgjerrig p\u00e5 hvordan Certain QMS, ta gjerne kontakt p\u00e5 <a href=\"mailto:contact@certainqms.com\">contact@certainqms.com<\/a>!<\/p>\n<p>[\/et_pb_text][et_pb_button button_url=&raquo;@ET-DC@eyJkeW5hbWljIjp0cnVlLCJjb250ZW50IjoicG9zdF9saW5rX3VybF9wYWdlIiwic2V0dGluZ3MiOnsicG9zdF9pZCI6IjI3OTAifX0=@&raquo; button_text=&raquo;Utforsk partnerskap&raquo; button_alignment=&raquo;center&raquo; _builder_version=&raquo;4.27.5&#8243; _dynamic_attributes=&raquo;button_url&raquo; _module_preset=&raquo;default&raquo; custom_button=&raquo;on&raquo; button_text_color=&raquo;#1F3BF4&#8243; button_border_radius=&raquo;25px&raquo; global_colors_info=&raquo;{}&raquo;][\/et_pb_button][\/et_pb_column][\/et_pb_row][\/et_pb_section]<\/p>\n","protected":false},"excerpt":{"rendered":"<p>Kontakt Certain QMS for sp\u00f8rsm\u00e5l, demo eller r\u00e5dgivning om kvalitetsstyring og l\u00f8sninger tilpasset din virksomhet.<\/p>\n","protected":false},"author":1,"featured_media":3187,"parent":0,"menu_order":0,"comment_status":"closed","ping_status":"closed","template":"","meta":{"_acf_changed":false,"_et_pb_use_builder":"on","_et_pb_old_content":"","_et_gb_content_width":"","footnotes":""},"class_list":["post-29","page","type-page","status-publish","has-post-thumbnail","hentry"],"acf":[],"yoast_head":"<!-- This site is optimized with the Yoast SEO plugin v27.1.1 - https:\/\/yoast.com\/product\/yoast-seo-wordpress\/ -->\n<title>Kontakt oss &#8211; Certain QMS<\/title>\n<meta name=\"description\" content=\"Kontakt Certain QMS for sp\u00f8rsm\u00e5l, demo eller r\u00e5dgivning om kvalitetsstyring og l\u00f8sninger tilpasset din virksomhet.\" \/>\n<meta name=\"robots\" content=\"index, follow, max-snippet:-1, max-image-preview:large, max-video-preview:-1\" \/>\n<link rel=\"canonical\" href=\"https:\/\/certainqms.com\/no\/kontakt-oss\/\" \/>\n<meta property=\"og:locale\" content=\"nb_NO\" \/>\n<meta property=\"og:type\" content=\"article\" \/>\n<meta property=\"og:title\" content=\"Kontakt oss &#8211; Certain QMS\" \/>\n<meta property=\"og:description\" content=\"Kontakt Certain QMS for sp\u00f8rsm\u00e5l, demo eller r\u00e5dgivning om kvalitetsstyring og l\u00f8sninger tilpasset din virksomhet.\" \/>\n<meta property=\"og:url\" content=\"https:\/\/certainqms.com\/no\/kontakt-oss\/\" \/>\n<meta property=\"og:site_name\" content=\"Certain QMS\" \/>\n<meta property=\"article:modified_time\" content=\"2026-04-23T12:27:26+00:00\" \/>\n<meta property=\"og:image\" content=\"https:\/\/certainqms.com\/wp-content\/uploads\/2026\/02\/d75aa31044b9d50b8251c2f333507f9895e26f43.webp\" \/>\n\t<meta property=\"og:image:width\" content=\"1079\" \/>\n\t<meta property=\"og:image:height\" content=\"718\" \/>\n\t<meta property=\"og:image:type\" content=\"image\/webp\" \/>\n<meta name=\"twitter:card\" content=\"summary_large_image\" \/>\n<meta name=\"twitter:label1\" content=\"Ansl. lesetid\" \/>\n\t<meta name=\"twitter:data1\" content=\"1 minutt\" \/>\n<script type=\"application\/ld+json\" class=\"yoast-schema-graph\">{\"@context\":\"https:\/\/schema.org\",\"@graph\":[{\"@type\":[\"WebPage\",\"ContactPage\"],\"@id\":\"https:\/\/certainqms.com\/no\/kontakt-oss\/\",\"url\":\"https:\/\/certainqms.com\/no\/kontakt-oss\/\",\"name\":\"Kontakt oss &#8211; Certain QMS\",\"isPartOf\":{\"@id\":\"https:\/\/certainqms.com\/#website\"},\"primaryImageOfPage\":{\"@id\":\"https:\/\/certainqms.com\/no\/kontakt-oss\/#primaryimage\"},\"image\":{\"@id\":\"https:\/\/certainqms.com\/no\/kontakt-oss\/#primaryimage\"},\"thumbnailUrl\":\"https:\/\/certainqms.com\/wp-content\/uploads\/2026\/02\/d75aa31044b9d50b8251c2f333507f9895e26f43.webp\",\"datePublished\":\"2022-08-15T09:49:42+00:00\",\"dateModified\":\"2026-04-23T12:27:26+00:00\",\"description\":\"Kontakt Certain QMS for sp\u00f8rsm\u00e5l, demo eller r\u00e5dgivning om kvalitetsstyring og l\u00f8sninger tilpasset din virksomhet.\",\"breadcrumb\":{\"@id\":\"https:\/\/certainqms.com\/no\/kontakt-oss\/#breadcrumb\"},\"inLanguage\":\"nb-NO\",\"potentialAction\":[{\"@type\":\"ReadAction\",\"target\":[\"https:\/\/certainqms.com\/no\/kontakt-oss\/\"]}]},{\"@type\":\"ImageObject\",\"inLanguage\":\"nb-NO\",\"@id\":\"https:\/\/certainqms.com\/no\/kontakt-oss\/#primaryimage\",\"url\":\"https:\/\/certainqms.com\/wp-content\/uploads\/2026\/02\/d75aa31044b9d50b8251c2f333507f9895e26f43.webp\",\"contentUrl\":\"https:\/\/certainqms.com\/wp-content\/uploads\/2026\/02\/d75aa31044b9d50b8251c2f333507f9895e26f43.webp\",\"width\":1079,\"height\":718},{\"@type\":\"BreadcrumbList\",\"@id\":\"https:\/\/certainqms.com\/no\/kontakt-oss\/#breadcrumb\",\"itemListElement\":[{\"@type\":\"ListItem\",\"position\":1,\"name\":\"Certain QMS\",\"item\":\"https:\/\/certainqms.com\/\"},{\"@type\":\"ListItem\",\"position\":2,\"name\":\"Kontakt oss\"}]},{\"@type\":\"WebSite\",\"@id\":\"https:\/\/certainqms.com\/#website\",\"url\":\"https:\/\/certainqms.com\/\",\"name\":\"Certain QMS\",\"description\":\"Quality Management Software\",\"publisher\":{\"@id\":\"https:\/\/certainqms.com\/#organization\"},\"potentialAction\":[{\"@type\":\"SearchAction\",\"target\":{\"@type\":\"EntryPoint\",\"urlTemplate\":\"https:\/\/certainqms.com\/?s={search_term_string}\"},\"query-input\":{\"@type\":\"PropertyValueSpecification\",\"valueRequired\":true,\"valueName\":\"search_term_string\"}}],\"inLanguage\":\"nb-NO\"},{\"@type\":\"Organization\",\"@id\":\"https:\/\/certainqms.com\/#organization\",\"name\":\"Netpower Business Solutions AS\",\"alternateName\":\"Netpower\",\"url\":\"https:\/\/certainqms.com\/\",\"logo\":{\"@type\":\"ImageObject\",\"inLanguage\":\"nb-NO\",\"@id\":\"https:\/\/certainqms.com\/#\/schema\/logo\/image\/\",\"url\":\"\",\"contentUrl\":\"\",\"caption\":\"Netpower Business Solutions AS\"},\"image\":{\"@id\":\"https:\/\/certainqms.com\/#\/schema\/logo\/image\/\"}}]}<\/script>\n<!-- \/ Yoast SEO plugin. -->","yoast_head_json":{"title":"Kontakt oss &#8211; Certain QMS","description":"Kontakt Certain QMS for sp\u00f8rsm\u00e5l, demo eller r\u00e5dgivning om kvalitetsstyring og l\u00f8sninger tilpasset din virksomhet.","robots":{"index":"index","follow":"follow","max-snippet":"max-snippet:-1","max-image-preview":"max-image-preview:large","max-video-preview":"max-video-preview:-1"},"canonical":"https:\/\/certainqms.com\/no\/kontakt-oss\/","og_locale":"nb_NO","og_type":"article","og_title":"Kontakt oss &#8211; Certain QMS","og_description":"Kontakt Certain QMS for sp\u00f8rsm\u00e5l, demo eller r\u00e5dgivning om kvalitetsstyring og l\u00f8sninger tilpasset din virksomhet.","og_url":"https:\/\/certainqms.com\/no\/kontakt-oss\/","og_site_name":"Certain QMS","article_modified_time":"2026-04-23T12:27:26+00:00","og_image":[{"width":1079,"height":718,"url":"https:\/\/certainqms.com\/wp-content\/uploads\/2026\/02\/d75aa31044b9d50b8251c2f333507f9895e26f43.webp","type":"image\/webp"}],"twitter_card":"summary_large_image","twitter_misc":{"Ansl. lesetid":"1 minutt"},"schema":{"@context":"https:\/\/schema.org","@graph":[{"@type":["WebPage","ContactPage"],"@id":"https:\/\/certainqms.com\/no\/kontakt-oss\/","url":"https:\/\/certainqms.com\/no\/kontakt-oss\/","name":"Kontakt oss &#8211; Certain QMS","isPartOf":{"@id":"https:\/\/certainqms.com\/#website"},"primaryImageOfPage":{"@id":"https:\/\/certainqms.com\/no\/kontakt-oss\/#primaryimage"},"image":{"@id":"https:\/\/certainqms.com\/no\/kontakt-oss\/#primaryimage"},"thumbnailUrl":"https:\/\/certainqms.com\/wp-content\/uploads\/2026\/02\/d75aa31044b9d50b8251c2f333507f9895e26f43.webp","datePublished":"2022-08-15T09:49:42+00:00","dateModified":"2026-04-23T12:27:26+00:00","description":"Kontakt Certain QMS for sp\u00f8rsm\u00e5l, demo eller r\u00e5dgivning om kvalitetsstyring og l\u00f8sninger tilpasset din virksomhet.","breadcrumb":{"@id":"https:\/\/certainqms.com\/no\/kontakt-oss\/#breadcrumb"},"inLanguage":"nb-NO","potentialAction":[{"@type":"ReadAction","target":["https:\/\/certainqms.com\/no\/kontakt-oss\/"]}]},{"@type":"ImageObject","inLanguage":"nb-NO","@id":"https:\/\/certainqms.com\/no\/kontakt-oss\/#primaryimage","url":"https:\/\/certainqms.com\/wp-content\/uploads\/2026\/02\/d75aa31044b9d50b8251c2f333507f9895e26f43.webp","contentUrl":"https:\/\/certainqms.com\/wp-content\/uploads\/2026\/02\/d75aa31044b9d50b8251c2f333507f9895e26f43.webp","width":1079,"height":718},{"@type":"BreadcrumbList","@id":"https:\/\/certainqms.com\/no\/kontakt-oss\/#breadcrumb","itemListElement":[{"@type":"ListItem","position":1,"name":"Certain QMS","item":"https:\/\/certainqms.com\/"},{"@type":"ListItem","position":2,"name":"Kontakt oss"}]},{"@type":"WebSite","@id":"https:\/\/certainqms.com\/#website","url":"https:\/\/certainqms.com\/","name":"Certain QMS","description":"Quality Management Software","publisher":{"@id":"https:\/\/certainqms.com\/#organization"},"potentialAction":[{"@type":"SearchAction","target":{"@type":"EntryPoint","urlTemplate":"https:\/\/certainqms.com\/?s={search_term_string}"},"query-input":{"@type":"PropertyValueSpecification","valueRequired":true,"valueName":"search_term_string"}}],"inLanguage":"nb-NO"},{"@type":"Organization","@id":"https:\/\/certainqms.com\/#organization","name":"Netpower Business Solutions AS","alternateName":"Netpower","url":"https:\/\/certainqms.com\/","logo":{"@type":"ImageObject","inLanguage":"nb-NO","@id":"https:\/\/certainqms.com\/#\/schema\/logo\/image\/","url":"","contentUrl":"","caption":"Netpower Business Solutions AS"},"image":{"@id":"https:\/\/certainqms.com\/#\/schema\/logo\/image\/"}}]}},"_links":{"self":[{"href":"https:\/\/certainqms.com\/no\/wp-json\/wp\/v2\/pages\/29","targetHints":{"allow":["GET"]}}],"collection":[{"href":"https:\/\/certainqms.com\/no\/wp-json\/wp\/v2\/pages"}],"about":[{"href":"https:\/\/certainqms.com\/no\/wp-json\/wp\/v2\/types\/page"}],"author":[{"embeddable":true,"href":"https:\/\/certainqms.com\/no\/wp-json\/wp\/v2\/users\/1"}],"replies":[{"embeddable":true,"href":"https:\/\/certainqms.com\/no\/wp-json\/wp\/v2\/comments?post=29"}],"version-history":[{"count":187,"href":"https:\/\/certainqms.com\/no\/wp-json\/wp\/v2\/pages\/29\/revisions"}],"predecessor-version":[{"id":4189,"href":"https:\/\/certainqms.com\/no\/wp-json\/wp\/v2\/pages\/29\/revisions\/4189"}],"wp:featuredmedia":[{"embeddable":true,"href":"https:\/\/certainqms.com\/no\/wp-json\/wp\/v2\/media\/3187"}],"wp:attachment":[{"href":"https:\/\/certainqms.com\/no\/wp-json\/wp\/v2\/media?parent=29"}],"curies":[{"name":"wp","href":"https:\/\/api.w.org\/{rel}","templated":true}]}}