{"id":3062,"date":"2025-02-27T14:57:32","date_gmt":"2025-02-27T13:57:32","guid":{"rendered":"https:\/\/certainqms.com\/partnerskap\/"},"modified":"2025-02-27T14:57:32","modified_gmt":"2025-02-27T13:57:32","slug":"partnerskap","status":"publish","type":"page","link":"https:\/\/certainqms.com\/no\/partnerskap\/","title":{"rendered":"Partnerskap"},"content":{"rendered":"<p>[et_pb_section fb_built=&raquo;1&#8243; _builder_version=&raquo;4.27.4&#8243; _module_preset=&raquo;default&raquo; background_color=&raquo;RGBA(255,255,255,0)&raquo; use_background_color_gradient=&raquo;off&raquo; custom_margin=&raquo;||||false|false&raquo; custom_padding=&raquo;2px||2px||true|false&raquo; hover_enabled=&raquo;0&#8243; saved_tabs=&raquo;all&raquo; global_colors_info=&raquo;{}&raquo; sticky_enabled=&raquo;0&#8243; border_style_all=&raquo;none&raquo;][et_pb_row column_structure=&raquo;3_5,2_5&#8243; _builder_version=&raquo;4.27.4&#8243; _module_preset=&raquo;default&raquo; max_height=&raquo;100px&raquo; custom_padding=&raquo;||3px||false|false&raquo; global_colors_info=&raquo;{}&raquo;][et_pb_column type=&raquo;3_5&#8243; _builder_version=&raquo;4.23.4&#8243; _module_preset=&raquo;default&raquo; global_colors_info=&raquo;{}&raquo;][et_pb_code _builder_version=&raquo;4.23.4&#8243; _module_preset=&raquo;default&raquo; custom_margin=&raquo;||-3px|||&raquo; custom_padding=&raquo;||0px|||&raquo; global_colors_info=&raquo;{}&raquo;]<span><span><a href=\"https:\/\/certainqms.com\/\">Certain QMS<\/a><\/span><\/span>[\/et_pb_code][\/et_pb_column][et_pb_column type=&raquo;2_5&#8243; _builder_version=&raquo;4.23.4&#8243; _module_preset=&raquo;default&raquo; global_colors_info=&raquo;{}&raquo;][\/et_pb_column][\/et_pb_row][\/et_pb_section][et_pb_section fb_built=&raquo;1&#8243; _builder_version=&raquo;4.27.4&#8243; _module_preset=&raquo;default&raquo; use_background_color_gradient=&raquo;off&raquo; custom_margin=&raquo;2px|||||&raquo; custom_padding=&raquo;40px||384px|||&raquo; hover_enabled=&raquo;0&#8243; global_colors_info=&raquo;{}&raquo; background_color=&raquo;RGBA(255,255,255,0)&raquo; sticky_enabled=&raquo;0&#8243;][et_pb_row column_structure=&raquo;2_3,1_3&#8243; module_id=&raquo;hospitals&raquo; _builder_version=&raquo;4.27.4&#8243; _module_preset=&raquo;default&raquo; global_colors_info=&raquo;{}&raquo;][et_pb_column type=&raquo;2_3&#8243; _builder_version=&raquo;4.27.4&#8243; _module_preset=&raquo;default&raquo; global_colors_info=&raquo;{}&raquo;][et_pb_text _builder_version=&raquo;4.27.4&#8243; _module_preset=&raquo;default&raquo; text_text_color=&raquo;#323232&#8243; header_font=&raquo;|600|||||||&raquo; header_text_color=&raquo;#060C31&#8243; header_font_size=&raquo;36px&raquo; header_line_height=&raquo;1.3em&raquo; header_2_font=&raquo;|600|||||||&raquo; header_2_font_size=&raquo;27px&raquo; custom_margin=&raquo;||10px||false|false&raquo; hover_enabled=&raquo;0&#8243; global_colors_info=&raquo;{%22gcid-7a729979-e95d-4a37-b4c2-da38eea9cb79%22:%91%22text_text_color%22,%22text_text_color%22%93}&raquo; sticky_enabled=&raquo;0&#8243;]<\/p>\n<h1>Interessert i \u00e5 samarbeide med oss?<\/h1>\n<p>[\/et_pb_text][et_pb_text _builder_version=&raquo;4.27.4&#8243; _module_preset=&raquo;default&raquo; text_text_color=&raquo;#323232&#8243; header_line_height=&raquo;1.7em&raquo; global_colors_info=&raquo;{%22gcid-7a729979-e95d-4a37-b4c2-da38eea9cb79%22:%91%22header_text_color%22,%22header_text_color%22%93}&raquo;]<\/p>\n<p>Vi \u00f8nsker dialog med konsulent- og r\u00e5dgivningsmilj\u00f8er innen kvalitetsledelse, prosessforbedring og kontinuerlig forbedring. Dersom du bist\u00e5r virksomheter med \u00e5 etablere, videreutvikle eller forbedre styringssystemer, og ser etter en moderne og fleksibel QMS-plattform som kan styrke leveransene dine, tar vi gjerne en prat om samarbeid. <\/p>\n<p>Ta kontakt hvis du vil vite mer om hvordan Certain QMS kan passe i din tjenesteportef\u00f8lje.<\/p>\n<p>&nbsp;<\/p>\n<p><a href=\"mailto:contact@certainqms.com\" target=\"_blank\" rel=\"noopener\">contact@certainqms.com<\/a><\/p>\n<p>[\/et_pb_text][\/et_pb_column][et_pb_column type=&raquo;1_3&#8243; _builder_version=&raquo;4.27.4&#8243; _module_preset=&raquo;default&raquo; global_colors_info=&raquo;{}&raquo;][et_pb_image src=&raquo;https:\/\/staging.netpower-kvalitet.no\/wp-content\/uploads\/2025\/02\/partnerships-certain-qms-400&#215;400-1.jpg&raquo; alt=&raquo;forretningsfolk i et m\u00f8te&raquo; title_text=&raquo;partnerships-certain qms 400&#215;400&#8243; _builder_version=&raquo;4.27.4&#8243; _module_preset=&raquo;default&raquo; global_colors_info=&raquo;{}&raquo;][\/et_pb_image][\/et_pb_column][\/et_pb_row][\/et_pb_section]<\/p>\n","protected":false},"excerpt":{"rendered":"<p><span><span><a href=\"https:\/\/certainqms.com\/\">Certain QMS<\/a><\/span><\/span>Interessert i \u00e5 samarbeide med oss?Vi \u00f8nsker dialog med konsulent- og r\u00e5dgivningsmilj\u00f8er innen kvalitetsledelse, prosessforbedring og kontinuerlig forbedring. Dersom du bist\u00e5r virksomheter med \u00e5 etablere, videreutvikle eller forbedre styringssystemer, og ser etter en moderne og fleksibel QMS-plattform som kan styrke leveransene dine, tar vi gjerne en prat om samarbeid. Ta kontakt hvis du vil vite [&hellip;]<\/p>\n","protected":false},"author":1,"featured_media":0,"parent":0,"menu_order":0,"comment_status":"closed","ping_status":"closed","template":"","meta":{"_acf_changed":false,"_et_pb_use_builder":"on","_et_pb_old_content":"","_et_gb_content_width":"","footnotes":""},"class_list":["post-3062","page","type-page","status-publish","hentry"],"acf":[],"yoast_head":"<!-- This site is optimized with the Yoast SEO plugin v27.1.1 - https:\/\/yoast.com\/product\/yoast-seo-wordpress\/ -->\n<title>Partnerskap &#8211; Certain QMS<\/title>\n<meta name=\"robots\" content=\"index, follow, max-snippet:-1, max-image-preview:large, max-video-preview:-1\" \/>\n<link rel=\"canonical\" href=\"https:\/\/certainqms.com\/partnerskap\/\" \/>\n<meta property=\"og:locale\" content=\"nb_NO\" \/>\n<meta property=\"og:type\" content=\"article\" \/>\n<meta property=\"og:title\" content=\"Partnerskap &#8211; Certain QMS\" \/>\n<meta property=\"og:description\" content=\"Interessert i \u00e5 samarbeide med oss?Vi \u00f8nsker dialog med konsulent- og r\u00e5dgivningsmilj\u00f8er innen kvalitetsledelse, prosessforbedring og kontinuerlig forbedring. Dersom du bist\u00e5r virksomheter med \u00e5 etablere, videreutvikle eller forbedre styringssystemer, og ser etter en moderne og fleksibel QMS-plattform som kan styrke leveransene dine, tar vi gjerne en prat om samarbeid. Ta kontakt hvis du vil vite [&hellip;]\" \/>\n<meta property=\"og:url\" content=\"https:\/\/certainqms.com\/partnerskap\/\" \/>\n<meta property=\"og:site_name\" content=\"Certain QMS\" \/>\n<meta name=\"twitter:card\" content=\"summary_large_image\" \/>\n<meta name=\"twitter:label1\" content=\"Ansl. lesetid\" \/>\n\t<meta name=\"twitter:data1\" content=\"2 minutter\" \/>\n<script type=\"application\/ld+json\" class=\"yoast-schema-graph\">{\"@context\":\"https:\/\/schema.org\",\"@graph\":[{\"@type\":\"WebPage\",\"@id\":\"https:\/\/certainqms.com\/partnerskap\/\",\"url\":\"https:\/\/certainqms.com\/partnerskap\/\",\"name\":\"Partnerskap &#8211; Certain QMS\",\"isPartOf\":{\"@id\":\"https:\/\/certainqms.com\/#website\"},\"datePublished\":\"2025-02-27T13:57:32+00:00\",\"breadcrumb\":{\"@id\":\"https:\/\/certainqms.com\/partnerskap\/#breadcrumb\"},\"inLanguage\":\"nb-NO\",\"potentialAction\":[{\"@type\":\"ReadAction\",\"target\":[\"https:\/\/certainqms.com\/partnerskap\/\"]}]},{\"@type\":\"BreadcrumbList\",\"@id\":\"https:\/\/certainqms.com\/partnerskap\/#breadcrumb\",\"itemListElement\":[{\"@type\":\"ListItem\",\"position\":1,\"name\":\"Certain QMS\",\"item\":\"https:\/\/certainqms.com\/\"},{\"@type\":\"ListItem\",\"position\":2,\"name\":\"Partnerskap\"}]},{\"@type\":\"WebSite\",\"@id\":\"https:\/\/certainqms.com\/#website\",\"url\":\"https:\/\/certainqms.com\/\",\"name\":\"Certain QMS\",\"description\":\"Quality Management Software\",\"publisher\":{\"@id\":\"https:\/\/certainqms.com\/#organization\"},\"potentialAction\":[{\"@type\":\"SearchAction\",\"target\":{\"@type\":\"EntryPoint\",\"urlTemplate\":\"https:\/\/certainqms.com\/?s={search_term_string}\"},\"query-input\":{\"@type\":\"PropertyValueSpecification\",\"valueRequired\":true,\"valueName\":\"search_term_string\"}}],\"inLanguage\":\"nb-NO\"},{\"@type\":\"Organization\",\"@id\":\"https:\/\/certainqms.com\/#organization\",\"name\":\"Netpower Business Solutions AS\",\"alternateName\":\"Netpower\",\"url\":\"https:\/\/certainqms.com\/\",\"logo\":{\"@type\":\"ImageObject\",\"inLanguage\":\"nb-NO\",\"@id\":\"https:\/\/certainqms.com\/#\/schema\/logo\/image\/\",\"url\":\"\",\"contentUrl\":\"\",\"caption\":\"Netpower Business Solutions AS\"},\"image\":{\"@id\":\"https:\/\/certainqms.com\/#\/schema\/logo\/image\/\"}}]}<\/script>\n<!-- \/ Yoast SEO plugin. -->","yoast_head_json":{"title":"Partnerskap &#8211; Certain QMS","robots":{"index":"index","follow":"follow","max-snippet":"max-snippet:-1","max-image-preview":"max-image-preview:large","max-video-preview":"max-video-preview:-1"},"canonical":"https:\/\/certainqms.com\/partnerskap\/","og_locale":"nb_NO","og_type":"article","og_title":"Partnerskap &#8211; Certain QMS","og_description":"Interessert i \u00e5 samarbeide med oss?Vi \u00f8nsker dialog med konsulent- og r\u00e5dgivningsmilj\u00f8er innen kvalitetsledelse, prosessforbedring og kontinuerlig forbedring. Dersom du bist\u00e5r virksomheter med \u00e5 etablere, videreutvikle eller forbedre styringssystemer, og ser etter en moderne og fleksibel QMS-plattform som kan styrke leveransene dine, tar vi gjerne en prat om samarbeid. Ta kontakt hvis du vil vite [&hellip;]","og_url":"https:\/\/certainqms.com\/partnerskap\/","og_site_name":"Certain QMS","twitter_card":"summary_large_image","twitter_misc":{"Ansl. lesetid":"2 minutter"},"schema":{"@context":"https:\/\/schema.org","@graph":[{"@type":"WebPage","@id":"https:\/\/certainqms.com\/partnerskap\/","url":"https:\/\/certainqms.com\/partnerskap\/","name":"Partnerskap &#8211; Certain QMS","isPartOf":{"@id":"https:\/\/certainqms.com\/#website"},"datePublished":"2025-02-27T13:57:32+00:00","breadcrumb":{"@id":"https:\/\/certainqms.com\/partnerskap\/#breadcrumb"},"inLanguage":"nb-NO","potentialAction":[{"@type":"ReadAction","target":["https:\/\/certainqms.com\/partnerskap\/"]}]},{"@type":"BreadcrumbList","@id":"https:\/\/certainqms.com\/partnerskap\/#breadcrumb","itemListElement":[{"@type":"ListItem","position":1,"name":"Certain QMS","item":"https:\/\/certainqms.com\/"},{"@type":"ListItem","position":2,"name":"Partnerskap"}]},{"@type":"WebSite","@id":"https:\/\/certainqms.com\/#website","url":"https:\/\/certainqms.com\/","name":"Certain QMS","description":"Quality Management Software","publisher":{"@id":"https:\/\/certainqms.com\/#organization"},"potentialAction":[{"@type":"SearchAction","target":{"@type":"EntryPoint","urlTemplate":"https:\/\/certainqms.com\/?s={search_term_string}"},"query-input":{"@type":"PropertyValueSpecification","valueRequired":true,"valueName":"search_term_string"}}],"inLanguage":"nb-NO"},{"@type":"Organization","@id":"https:\/\/certainqms.com\/#organization","name":"Netpower Business Solutions AS","alternateName":"Netpower","url":"https:\/\/certainqms.com\/","logo":{"@type":"ImageObject","inLanguage":"nb-NO","@id":"https:\/\/certainqms.com\/#\/schema\/logo\/image\/","url":"","contentUrl":"","caption":"Netpower Business Solutions AS"},"image":{"@id":"https:\/\/certainqms.com\/#\/schema\/logo\/image\/"}}]}},"_links":{"self":[{"href":"https:\/\/certainqms.com\/no\/wp-json\/wp\/v2\/pages\/3062","targetHints":{"allow":["GET"]}}],"collection":[{"href":"https:\/\/certainqms.com\/no\/wp-json\/wp\/v2\/pages"}],"about":[{"href":"https:\/\/certainqms.com\/no\/wp-json\/wp\/v2\/types\/page"}],"author":[{"embeddable":true,"href":"https:\/\/certainqms.com\/no\/wp-json\/wp\/v2\/users\/1"}],"replies":[{"embeddable":true,"href":"https:\/\/certainqms.com\/no\/wp-json\/wp\/v2\/comments?post=3062"}],"version-history":[{"count":0,"href":"https:\/\/certainqms.com\/no\/wp-json\/wp\/v2\/pages\/3062\/revisions"}],"wp:attachment":[{"href":"https:\/\/certainqms.com\/no\/wp-json\/wp\/v2\/media?parent=3062"}],"curies":[{"name":"wp","href":"https:\/\/api.w.org\/{rel}","templated":true}]}}