{"id":3063,"date":"2025-02-26T17:22:18","date_gmt":"2025-02-26T16:22:18","guid":{"rendered":"https:\/\/certainqms.com\/selskap\/"},"modified":"2025-02-26T17:22:18","modified_gmt":"2025-02-26T16:22:18","slug":"selskap","status":"publish","type":"page","link":"https:\/\/certainqms.com\/no\/selskap\/","title":{"rendered":"Selskap"},"content":{"rendered":"<p>[et_pb_section fb_built=&raquo;1&#8243; _builder_version=&raquo;4.27.4&#8243; _module_preset=&raquo;default&raquo; background_color=&raquo;RGBA(255,255,255,0)&raquo; use_background_color_gradient=&raquo;off&raquo; custom_margin=&raquo;||||false|false&raquo; custom_padding=&raquo;2px||2px||true|false&raquo; saved_tabs=&raquo;all&raquo; global_colors_info=&raquo;{%22gcid-7a729979-e95d-4a37-b4c2-da38eea9cb79%22:%91%22background_color%22%93}&raquo;][et_pb_row column_structure=&raquo;3_5,2_5&#8243; _builder_version=&raquo;4.27.4&#8243; _module_preset=&raquo;default&raquo; max_height=&raquo;100px&raquo; custom_padding=&raquo;||3px||false|false&raquo; global_colors_info=&raquo;{}&raquo;][et_pb_column type=&raquo;3_5&#8243; _builder_version=&raquo;4.23.4&#8243; _module_preset=&raquo;default&raquo; global_colors_info=&raquo;{}&raquo;][et_pb_code _builder_version=&raquo;4.23.4&#8243; _module_preset=&raquo;default&raquo; custom_margin=&raquo;||-3px|||&raquo; custom_padding=&raquo;||0px|||&raquo; global_colors_info=&raquo;{}&raquo;]<span><span><a href=\"https:\/\/certainqms.com\/\">Certain QMS<\/a><\/span><\/span>[\/et_pb_code][\/et_pb_column][et_pb_column type=&raquo;2_5&#8243; _builder_version=&raquo;4.23.4&#8243; _module_preset=&raquo;default&raquo; global_colors_info=&raquo;{}&raquo;][\/et_pb_column][\/et_pb_row][\/et_pb_section][et_pb_section fb_built=&raquo;1&#8243; _builder_version=&raquo;4.27.4&#8243; _module_preset=&raquo;default&raquo; use_background_color_gradient=&raquo;off&raquo; custom_margin=&raquo;2px|||||&raquo; custom_padding=&raquo;40px|||||&raquo; global_colors_info=&raquo;{}&raquo;][et_pb_row column_structure=&raquo;2_3,1_3&#8243; module_id=&raquo;hospitals&raquo; _builder_version=&raquo;4.27.4&#8243; _module_preset=&raquo;default&raquo; global_colors_info=&raquo;{}&raquo;][et_pb_column type=&raquo;2_3&#8243; _builder_version=&raquo;4.27.4&#8243; _module_preset=&raquo;default&raquo; global_colors_info=&raquo;{}&raquo;][et_pb_text _builder_version=&raquo;4.27.4&#8243; _module_preset=&raquo;default&raquo; text_text_color=&raquo;#323232&#8243; header_font=&raquo;|600|||||||&raquo; header_text_color=&raquo;#060C31&#8243; header_font_size=&raquo;36px&raquo; header_line_height=&raquo;1.3em&raquo; header_2_font=&raquo;|600|||||||&raquo; header_2_font_size=&raquo;27px&raquo; custom_margin=&raquo;||35px||false|false&raquo; global_colors_info=&raquo;{%22gcid-7a729979-e95d-4a37-b4c2-da38eea9cb79%22:%91%22text_text_color%22,%22text_text_color%22%93}&raquo;]<\/p>\n<h1>En p\u00e5litelig leverand\u00f8r av forretningsprogramvare<\/h1>\n<p>[\/et_pb_text][et_pb_text _builder_version=&raquo;4.27.4&#8243; _module_preset=&raquo;default&raquo; text_text_color=&raquo;#323232&#8243; header_line_height=&raquo;1.7em&raquo; global_colors_info=&raquo;{%22gcid-7a729979-e95d-4a37-b4c2-da38eea9cb79%22:%91%22header_text_color%22,%22header_text_color%22%93}&raquo;]<\/p>\n<p>Certain QMS utvikles og leveres av Netpower, et norsk IT-selskap som spesialiserer seg p\u00e5 fag- og forretningssystemer.<\/p>\n<p>Selskapet ble etablert i 1995 og har over 30 \u00e5rs erfaring med \u00e5 levere p\u00e5litelige og skalerbare digitale l\u00f8sninger til virksomheter innen en rekke bransjer.<\/p>\n<p>[\/et_pb_text][et_pb_text _builder_version=&raquo;4.27.4&#8243; _module_preset=&raquo;default&raquo; text_text_color=&raquo;#323232&#8243; header_line_height=&raquo;1.7em&raquo; header_2_font=&raquo;|600|||||||&raquo; header_2_text_color=&raquo;#060C31&#8243; header_2_font_size=&raquo;21px&raquo; header_2_line_height=&raquo;1.3em&raquo; header_3_font_size=&raquo;21px&raquo; header_3_line_height=&raquo;1.3em&raquo; hover_enabled=&raquo;0&#8243; global_colors_info=&raquo;{%22gcid-7a729979-e95d-4a37-b4c2-da38eea9cb79%22:%91%22header_text_color%22,%22header_text_color%22%93}&raquo; sticky_enabled=&raquo;0&#8243;]<\/p>\n<h2>Et kundedrevet kvalitetsstyringssystem<\/h2>\n<p>Certain QMS er en av v\u00e5re flaggskip\u00adl\u00f8sninger, utviklet i tett samarbeid med v\u00e5re kunder gjennom mer enn 20 \u00e5r.<\/p>\n<p>Gjennom en kundedrevet tiln\u00e6rming har systemet kontinuerlig utviklet seg for \u00e5 m\u00f8te moderne behov innen kvalitetsstyring. I dag er Certain QMS en funksjonsrik og sv\u00e6rt fleksibel l\u00f8sning, utviklet for \u00e5 hjelpe virksomheter med \u00e5 forenkle etterlevelse, optimalisere kritiske prosesser og forbedre operasjonell effektivitet. <\/p>\n<p>[\/et_pb_text][et_pb_text _builder_version=&raquo;4.27.4&#8243; _module_preset=&raquo;default&raquo; text_text_color=&raquo;#323232&#8243; header_2_font=&raquo;|600|||||||&raquo; header_2_font_size=&raquo;21px&raquo; header_2_line_height=&raquo;1.3em&raquo; header_3_font_size=&raquo;21px&raquo; header_3_line_height=&raquo;1.3em&raquo; hover_enabled=&raquo;0&#8243; global_colors_info=&raquo;{%22gcid-7a729979-e95d-4a37-b4c2-da38eea9cb79%22:%91%22header_text_color%22,%22header_text_color%22%93}&raquo; sticky_enabled=&raquo;0&#8243;]<\/p>\n<h2>Hovedkontor midt i et av Norges sterkeste teknologimilj\u00f8er<\/h2>\n<p>V\u00e5rt hovedkontor ligger i Stavanger, en region preget av h\u00f8y teknologikompetanse og innovasjon, med sterke r\u00f8tter i olje- og energin\u00e6ringen.<\/p>\n<p>[\/et_pb_text][\/et_pb_column][et_pb_column type=&raquo;1_3&#8243; _builder_version=&raquo;4.27.4&#8243; _module_preset=&raquo;default&raquo; global_colors_info=&raquo;{}&raquo;][et_pb_image src=&raquo;https:\/\/staging.netpower-kvalitet.no\/wp-content\/uploads\/2025\/02\/city-of-stavanger-certain-qms-400&#215;400-1.jpg&raquo; alt=&raquo;vann i vannkraftverk&raquo; title_text=&raquo;city of stavanger -certain qms 400&#215;400&#8243; _builder_version=&raquo;4.27.4&#8243; _module_preset=&raquo;default&raquo; global_colors_info=&raquo;{}&raquo;][\/et_pb_image][et_pb_text _builder_version=&raquo;4.27.4&#8243; _module_preset=&raquo;default&raquo; text_font=&raquo;|300|||||||&raquo; text_text_color=&raquo;#323232&#8243; text_font_size=&raquo;14px&raquo; custom_margin=&raquo;-12px|||||&raquo; global_colors_info=&raquo;{%22gcid-7a729979-e95d-4a37-b4c2-da38eea9cb79%22:%91%22header_text_color%22,%22header_text_color%22%93}&raquo;]<\/p>\n<p>vann i vannkraftverk<\/p>\n<p>[\/et_pb_text][\/et_pb_column][\/et_pb_row][\/et_pb_section][et_pb_section fb_built=&raquo;1&#8243; _builder_version=&raquo;4.27.4&#8243; _module_preset=&raquo;default&raquo; background_color=&raquo;#EEF3FF&raquo; use_background_color_gradient=&raquo;off&raquo; global_colors_info=&raquo;{}&raquo;][et_pb_row column_structure=&raquo;2_3,1_3&#8243; module_id=&raquo;hospitals&raquo; _builder_version=&raquo;4.27.4&#8243; _module_preset=&raquo;default&raquo; global_colors_info=&raquo;{}&raquo;][et_pb_column type=&raquo;2_3&#8243; _builder_version=&raquo;4.27.4&#8243; _module_preset=&raquo;default&raquo; global_colors_info=&raquo;{}&raquo;][et_pb_text _builder_version=&raquo;4.27.4&#8243; _module_preset=&raquo;default&raquo; text_text_color=&raquo;#323232&#8243; header_2_font=&raquo;|600|||||||&raquo; header_2_font_size=&raquo;27px&raquo; custom_margin=&raquo;||10px||false|false&raquo; hover_enabled=&raquo;0&#8243; global_colors_info=&raquo;{%22gcid-7a729979-e95d-4a37-b4c2-da38eea9cb79%22:%91%22header_text_color%22,%22header_text_color%22%93}&raquo; sticky_enabled=&raquo;0&#8243;]<\/p>\n<h2>Selskapsinformasjon<\/h2>\n<p>[\/et_pb_text][et_pb_text _builder_version=&raquo;4.27.4&#8243; _module_preset=&raquo;default&raquo; text_text_color=&raquo;#323232&#8243; header_line_height=&raquo;1.7em&raquo; hover_enabled=&raquo;0&#8243; global_colors_info=&raquo;{%22gcid-7a729979-e95d-4a37-b4c2-da38eea9cb79%22:%91%22header_text_color%22,%22header_text_color%22%93}&raquo; sticky_enabled=&raquo;0&#8243;]<\/p>\n<p><strong>Navn<\/strong>: Netpower Business Solutions AS<\/p>\n<p><strong>Organisasjonsnummer: <\/strong>990 648 085 MVA<\/p>\n<p><strong>Adresse: <\/strong>Stokkamyrveien 13, 4313 Sandnes, Norge<\/p>\n<p><strong>E-post:<\/strong> <a href=\"mailto:info@netpower.no\" target=\"_blank\" rel=\"noopener\">info@netpower.no<\/a><\/p>\n<p><strong>Telefon:<\/strong> +47 51 95 80 00<\/p>\n<p>[\/et_pb_text][\/et_pb_column][et_pb_column type=&raquo;1_3&#8243; _builder_version=&raquo;4.27.4&#8243; _module_preset=&raquo;default&raquo; global_colors_info=&raquo;{}&raquo;][et_pb_image src=&raquo;https:\/\/staging.netpower-kvalitet.no\/wp-content\/uploads\/2025\/02\/netpower-logo-on-facade.jpg&raquo; alt=&raquo;netpower logo on facade&raquo; title_text=&raquo;netpower logo on facade&raquo; _builder_version=&raquo;4.27.4&#8243; _module_preset=&raquo;default&raquo; global_colors_info=&raquo;{}&raquo;][\/et_pb_image][\/et_pb_column][\/et_pb_row][\/et_pb_section]<\/p>\n","protected":false},"excerpt":{"rendered":"<p><span><span><a href=\"https:\/\/certainqms.com\/\">Certain QMS<\/a><\/span><\/span>En p\u00e5litelig leverand\u00f8r av forretningsprogramvareCertain QMS utvikles og leveres av Netpower, et norsk IT-selskap som spesialiserer seg p\u00e5 fag- og forretningssystemer. Selskapet ble etablert i 1995 og har over 30 \u00e5rs erfaring med \u00e5 levere p\u00e5litelige og skalerbare digitale l\u00f8sninger til virksomheter innen en rekke bransjer.Et kundedrevet kvalitetsstyringssystem Certain QMS er en av v\u00e5re flaggskip\u00adl\u00f8sninger, [&hellip;]<\/p>\n","protected":false},"author":1,"featured_media":0,"parent":0,"menu_order":0,"comment_status":"closed","ping_status":"closed","template":"","meta":{"_acf_changed":false,"_et_pb_use_builder":"on","_et_pb_old_content":"","_et_gb_content_width":"","footnotes":""},"class_list":["post-3063","page","type-page","status-publish","hentry"],"acf":[],"yoast_head":"<!-- This site is optimized with the Yoast SEO plugin v27.1.1 - https:\/\/yoast.com\/product\/yoast-seo-wordpress\/ -->\n<title>Selskap &#8211; Certain QMS<\/title>\n<meta name=\"robots\" content=\"index, follow, max-snippet:-1, max-image-preview:large, max-video-preview:-1\" \/>\n<link rel=\"canonical\" href=\"https:\/\/certainqms.com\/selskap\/\" \/>\n<meta property=\"og:locale\" content=\"nb_NO\" \/>\n<meta property=\"og:type\" content=\"article\" \/>\n<meta property=\"og:title\" content=\"Selskap &#8211; Certain QMS\" \/>\n<meta property=\"og:description\" content=\"En p\u00e5litelig leverand\u00f8r av forretningsprogramvareCertain QMS utvikles og leveres av Netpower, et norsk IT-selskap som spesialiserer seg p\u00e5 fag- og forretningssystemer. Selskapet ble etablert i 1995 og har over 30 \u00e5rs erfaring med \u00e5 levere p\u00e5litelige og skalerbare digitale l\u00f8sninger til virksomheter innen en rekke bransjer.Et kundedrevet kvalitetsstyringssystem Certain QMS er en av v\u00e5re flaggskip\u00adl\u00f8sninger, [&hellip;]\" \/>\n<meta property=\"og:url\" content=\"https:\/\/certainqms.com\/selskap\/\" \/>\n<meta property=\"og:site_name\" content=\"Certain QMS\" \/>\n<meta name=\"twitter:card\" content=\"summary_large_image\" \/>\n<meta name=\"twitter:label1\" content=\"Ansl. lesetid\" \/>\n\t<meta name=\"twitter:data1\" content=\"4 minutter\" \/>\n<script type=\"application\/ld+json\" class=\"yoast-schema-graph\">{\"@context\":\"https:\/\/schema.org\",\"@graph\":[{\"@type\":\"WebPage\",\"@id\":\"https:\/\/certainqms.com\/selskap\/\",\"url\":\"https:\/\/certainqms.com\/selskap\/\",\"name\":\"Selskap &#8211; Certain QMS\",\"isPartOf\":{\"@id\":\"https:\/\/certainqms.com\/#website\"},\"datePublished\":\"2025-02-26T16:22:18+00:00\",\"breadcrumb\":{\"@id\":\"https:\/\/certainqms.com\/selskap\/#breadcrumb\"},\"inLanguage\":\"nb-NO\",\"potentialAction\":[{\"@type\":\"ReadAction\",\"target\":[\"https:\/\/certainqms.com\/selskap\/\"]}]},{\"@type\":\"BreadcrumbList\",\"@id\":\"https:\/\/certainqms.com\/selskap\/#breadcrumb\",\"itemListElement\":[{\"@type\":\"ListItem\",\"position\":1,\"name\":\"Certain QMS\",\"item\":\"https:\/\/certainqms.com\/\"},{\"@type\":\"ListItem\",\"position\":2,\"name\":\"Selskap\"}]},{\"@type\":\"WebSite\",\"@id\":\"https:\/\/certainqms.com\/#website\",\"url\":\"https:\/\/certainqms.com\/\",\"name\":\"Certain QMS\",\"description\":\"Quality Management Software\",\"publisher\":{\"@id\":\"https:\/\/certainqms.com\/#organization\"},\"potentialAction\":[{\"@type\":\"SearchAction\",\"target\":{\"@type\":\"EntryPoint\",\"urlTemplate\":\"https:\/\/certainqms.com\/?s={search_term_string}\"},\"query-input\":{\"@type\":\"PropertyValueSpecification\",\"valueRequired\":true,\"valueName\":\"search_term_string\"}}],\"inLanguage\":\"nb-NO\"},{\"@type\":\"Organization\",\"@id\":\"https:\/\/certainqms.com\/#organization\",\"name\":\"Netpower Business Solutions AS\",\"alternateName\":\"Netpower\",\"url\":\"https:\/\/certainqms.com\/\",\"logo\":{\"@type\":\"ImageObject\",\"inLanguage\":\"nb-NO\",\"@id\":\"https:\/\/certainqms.com\/#\/schema\/logo\/image\/\",\"url\":\"\",\"contentUrl\":\"\",\"caption\":\"Netpower Business Solutions AS\"},\"image\":{\"@id\":\"https:\/\/certainqms.com\/#\/schema\/logo\/image\/\"}}]}<\/script>\n<!-- \/ Yoast SEO plugin. -->","yoast_head_json":{"title":"Selskap &#8211; Certain QMS","robots":{"index":"index","follow":"follow","max-snippet":"max-snippet:-1","max-image-preview":"max-image-preview:large","max-video-preview":"max-video-preview:-1"},"canonical":"https:\/\/certainqms.com\/selskap\/","og_locale":"nb_NO","og_type":"article","og_title":"Selskap &#8211; Certain QMS","og_description":"En p\u00e5litelig leverand\u00f8r av forretningsprogramvareCertain QMS utvikles og leveres av Netpower, et norsk IT-selskap som spesialiserer seg p\u00e5 fag- og forretningssystemer. Selskapet ble etablert i 1995 og har over 30 \u00e5rs erfaring med \u00e5 levere p\u00e5litelige og skalerbare digitale l\u00f8sninger til virksomheter innen en rekke bransjer.Et kundedrevet kvalitetsstyringssystem Certain QMS er en av v\u00e5re flaggskip\u00adl\u00f8sninger, [&hellip;]","og_url":"https:\/\/certainqms.com\/selskap\/","og_site_name":"Certain QMS","twitter_card":"summary_large_image","twitter_misc":{"Ansl. lesetid":"4 minutter"},"schema":{"@context":"https:\/\/schema.org","@graph":[{"@type":"WebPage","@id":"https:\/\/certainqms.com\/selskap\/","url":"https:\/\/certainqms.com\/selskap\/","name":"Selskap &#8211; Certain QMS","isPartOf":{"@id":"https:\/\/certainqms.com\/#website"},"datePublished":"2025-02-26T16:22:18+00:00","breadcrumb":{"@id":"https:\/\/certainqms.com\/selskap\/#breadcrumb"},"inLanguage":"nb-NO","potentialAction":[{"@type":"ReadAction","target":["https:\/\/certainqms.com\/selskap\/"]}]},{"@type":"BreadcrumbList","@id":"https:\/\/certainqms.com\/selskap\/#breadcrumb","itemListElement":[{"@type":"ListItem","position":1,"name":"Certain QMS","item":"https:\/\/certainqms.com\/"},{"@type":"ListItem","position":2,"name":"Selskap"}]},{"@type":"WebSite","@id":"https:\/\/certainqms.com\/#website","url":"https:\/\/certainqms.com\/","name":"Certain QMS","description":"Quality Management Software","publisher":{"@id":"https:\/\/certainqms.com\/#organization"},"potentialAction":[{"@type":"SearchAction","target":{"@type":"EntryPoint","urlTemplate":"https:\/\/certainqms.com\/?s={search_term_string}"},"query-input":{"@type":"PropertyValueSpecification","valueRequired":true,"valueName":"search_term_string"}}],"inLanguage":"nb-NO"},{"@type":"Organization","@id":"https:\/\/certainqms.com\/#organization","name":"Netpower Business Solutions AS","alternateName":"Netpower","url":"https:\/\/certainqms.com\/","logo":{"@type":"ImageObject","inLanguage":"nb-NO","@id":"https:\/\/certainqms.com\/#\/schema\/logo\/image\/","url":"","contentUrl":"","caption":"Netpower Business Solutions AS"},"image":{"@id":"https:\/\/certainqms.com\/#\/schema\/logo\/image\/"}}]}},"_links":{"self":[{"href":"https:\/\/certainqms.com\/no\/wp-json\/wp\/v2\/pages\/3063","targetHints":{"allow":["GET"]}}],"collection":[{"href":"https:\/\/certainqms.com\/no\/wp-json\/wp\/v2\/pages"}],"about":[{"href":"https:\/\/certainqms.com\/no\/wp-json\/wp\/v2\/types\/page"}],"author":[{"embeddable":true,"href":"https:\/\/certainqms.com\/no\/wp-json\/wp\/v2\/users\/1"}],"replies":[{"embeddable":true,"href":"https:\/\/certainqms.com\/no\/wp-json\/wp\/v2\/comments?post=3063"}],"version-history":[{"count":0,"href":"https:\/\/certainqms.com\/no\/wp-json\/wp\/v2\/pages\/3063\/revisions"}],"wp:attachment":[{"href":"https:\/\/certainqms.com\/no\/wp-json\/wp\/v2\/media?parent=3063"}],"curies":[{"name":"wp","href":"https:\/\/api.w.org\/{rel}","templated":true}]}}